{"id":292,"date":"2025-06-08T20:41:00","date_gmt":"2025-06-08T23:41:00","guid":{"rendered":"https:\/\/haquifaz.com.br\/?page_id=292"},"modified":"2025-06-08T20:48:51","modified_gmt":"2025-06-08T23:48:51","slug":"elementor-292","status":"publish","type":"page","link":"https:\/\/haquifaz.com.br\/index.php\/elementor-292\/","title":{"rendered":"Politica de privacidade"},"content":{"rendered":"\t\t<div data-elementor-type=\"wp-page\" data-elementor-id=\"292\" class=\"elementor elementor-292\" data-elementor-post-type=\"page\">\n\t\t\t\t<div class=\"elementor-element elementor-element-97c9764 e-flex e-con-boxed e-con e-parent\" data-id=\"97c9764\" data-element_type=\"container\">\n\t\t\t\t\t<div class=\"e-con-inner\">\n\t\t<div class=\"elementor-element elementor-element-4b85d5a e-con-full e-flex e-con e-child\" data-id=\"4b85d5a\" data-element_type=\"container\">\n\t\t\t\t<div class=\"elementor-element elementor-element-9c72c74 elementor-widget elementor-widget-image\" data-id=\"9c72c74\" data-element_type=\"widget\" data-widget_type=\"image.default\">\n\t\t\t\t<div class=\"elementor-widget-container\">\n\t\t\t\t\t\t\t\t\t\t\t\t\t\t\t<img fetchpriority=\"high\" decoding=\"async\" width=\"800\" height=\"156\" src=\"https:\/\/haquifaz.com.br\/wp-content\/uploads\/2025\/05\/5bb8945b-a6d3-4e59-9da4-e23b52174498-1024x200.png\" class=\"attachment-large size-large wp-image-67\" alt=\"\" srcset=\"https:\/\/haquifaz.com.br\/wp-content\/uploads\/2025\/05\/5bb8945b-a6d3-4e59-9da4-e23b52174498-1024x200.png 1024w, https:\/\/haquifaz.com.br\/wp-content\/uploads\/2025\/05\/5bb8945b-a6d3-4e59-9da4-e23b52174498-300x59.png 300w, https:\/\/haquifaz.com.br\/wp-content\/uploads\/2025\/05\/5bb8945b-a6d3-4e59-9da4-e23b52174498-768x150.png 768w, https:\/\/haquifaz.com.br\/wp-content\/uploads\/2025\/05\/5bb8945b-a6d3-4e59-9da4-e23b52174498-1536x300.png 1536w, https:\/\/haquifaz.com.br\/wp-content\/uploads\/2025\/05\/5bb8945b-a6d3-4e59-9da4-e23b52174498.png 1600w\" sizes=\"(max-width: 800px) 100vw, 800px\" \/>\t\t\t\t\t\t\t\t\t\t\t\t\t\t\t<\/div>\n\t\t\t\t<\/div>\n\t\t\t\t<\/div>\n\t\t\t\t<div class=\"elementor-element elementor-element-031094c elementor-widget elementor-widget-heading\" data-id=\"031094c\" data-element_type=\"widget\" data-widget_type=\"heading.default\">\n\t\t\t\t<div class=\"elementor-widget-container\">\n\t\t\t\t\t<h2 class=\"elementor-heading-title elementor-size-default\">Pol\u00edtica de Privacidade<\/h2>\t\t\t\t<\/div>\n\t\t\t\t<\/div>\n\t\t\t\t\t<\/div>\n\t\t\t\t<\/div>\n\t\t<div class=\"elementor-element elementor-element-df59b31 e-flex e-con-boxed e-con e-parent\" data-id=\"df59b31\" data-element_type=\"container\">\n\t\t\t\t\t<div class=\"e-con-inner\">\n\t\t\t\t<div class=\"elementor-element elementor-element-388f576 elementor-widget elementor-widget-text-editor\" data-id=\"388f576\" data-element_type=\"widget\" data-widget_type=\"text-editor.default\">\n\t\t\t\t<div class=\"elementor-widget-container\">\n\t\t\t\t\t\t\t\t\t<p data-start=\"252\" data-end=\"283\"><strong data-start=\"252\" data-end=\"283\">Haquifaz Comunica\u00e7\u00e3o Visual<\/strong><\/p><p data-start=\"285\" data-end=\"335\">\u00daltima atualiza\u00e7\u00e3o:08\/06\/25<\/p><p data-start=\"337\" data-end=\"674\">A Haquifaz Comunica\u00e7\u00e3o Visual respeita a privacidade e a seguran\u00e7a dos dados pessoais de seus clientes, parceiros e visitantes do site. Esta Pol\u00edtica de Privacidade tem como objetivo esclarecer como coletamos, utilizamos, armazenamos e protegemos as informa\u00e7\u00f5es fornecidas por voc\u00ea ao acessar nosso site ou interagir com nossos servi\u00e7os.<\/p><hr data-start=\"676\" data-end=\"679\" \/><h2 data-start=\"681\" data-end=\"712\">1. Informa\u00e7\u00f5es que coletamos<\/h2><p data-start=\"714\" data-end=\"755\">Podemos coletar as seguintes informa\u00e7\u00f5es:<\/p><ul data-start=\"757\" data-end=\"904\"><li data-start=\"757\" data-end=\"774\"><p data-start=\"759\" data-end=\"774\">Nome completo<\/p><\/li><li data-start=\"775\" data-end=\"785\"><p data-start=\"777\" data-end=\"785\">E-mail<\/p><\/li><li data-start=\"786\" data-end=\"798\"><p data-start=\"788\" data-end=\"798\">Telefone<\/p><\/li><li data-start=\"799\" data-end=\"821\"><p data-start=\"801\" data-end=\"821\">Empresa (opcional)<\/p><\/li><li data-start=\"822\" data-end=\"904\"><p data-start=\"824\" data-end=\"904\">Informa\u00e7\u00f5es fornecidas por voc\u00ea ao preencher formul\u00e1rios de or\u00e7amento ou contato<\/p><\/li><\/ul><hr data-start=\"906\" data-end=\"909\" \/><h2 data-start=\"911\" data-end=\"937\">2. Finalidade da coleta<\/h2><p data-start=\"939\" data-end=\"997\">As informa\u00e7\u00f5es s\u00e3o coletadas com as seguintes finalidades:<\/p><ul data-start=\"999\" data-end=\"1217\"><li data-start=\"999\" data-end=\"1052\"><p data-start=\"1001\" data-end=\"1052\">Responder solicita\u00e7\u00f5es de or\u00e7amento e atendimento<\/p><\/li><li data-start=\"1053\" data-end=\"1104\"><p data-start=\"1055\" data-end=\"1104\">Melhorar a experi\u00eancia do usu\u00e1rio em nosso site<\/p><\/li><li data-start=\"1105\" data-end=\"1173\"><p data-start=\"1107\" data-end=\"1173\">Enviar comunica\u00e7\u00f5es comerciais e promocionais, quando autorizado<\/p><\/li><li data-start=\"1174\" data-end=\"1217\"><p data-start=\"1176\" data-end=\"1217\">Cumprir obriga\u00e7\u00f5es legais ou regulat\u00f3rias<\/p><\/li><\/ul><hr data-start=\"1219\" data-end=\"1222\" \/><h2 data-start=\"1224\" data-end=\"1255\">3. Compartilhamento de dados<\/h2><p data-start=\"1257\" data-end=\"1441\">A Haquifaz Comunica\u00e7\u00e3o Visual <strong data-start=\"1287\" data-end=\"1340\">n\u00e3o compartilha seus dados pessoais com terceiros<\/strong> sem seu consentimento, salvo em casos obrigat\u00f3rios por lei ou para cumprimento de obriga\u00e7\u00f5es legais.<\/p><hr data-start=\"1443\" data-end=\"1446\" \/><h2 data-start=\"1448\" data-end=\"1479\">4. Seguran\u00e7a das informa\u00e7\u00f5es<\/h2><p data-start=\"1481\" data-end=\"1625\">Adotamos medidas t\u00e9cnicas e organizacionais para proteger seus dados contra acesso n\u00e3o autorizado, altera\u00e7\u00e3o, divulga\u00e7\u00e3o ou destrui\u00e7\u00e3o indevida.<\/p><hr data-start=\"1627\" data-end=\"1630\" \/><h2 data-start=\"1632\" data-end=\"1645\">5. Cookies<\/h2><p data-start=\"1647\" data-end=\"1801\">Nosso site pode utilizar cookies para melhorar sua experi\u00eancia de navega\u00e7\u00e3o. Voc\u00ea pode desativ\u00e1-los a qualquer momento nas configura\u00e7\u00f5es do seu navegador.<\/p><hr data-start=\"1803\" data-end=\"1806\" \/><h2 data-start=\"1808\" data-end=\"1843\">6. Direitos do titular dos dados<\/h2><p data-start=\"1845\" data-end=\"1889\">De acordo com a LGPD, voc\u00ea tem o direito de:<\/p><ul data-start=\"1891\" data-end=\"2042\"><li data-start=\"1891\" data-end=\"1922\"><p data-start=\"1893\" data-end=\"1922\">Acessar seus dados pessoais<\/p><\/li><li data-start=\"1923\" data-end=\"1957\"><p data-start=\"1925\" data-end=\"1957\">Solicitar corre\u00e7\u00e3o ou exclus\u00e3o<\/p><\/li><li data-start=\"1958\" data-end=\"1985\"><p data-start=\"1960\" data-end=\"1985\">Revogar o consentimento<\/p><\/li><li data-start=\"1986\" data-end=\"2042\"><p data-start=\"1988\" data-end=\"2042\">Solicitar portabilidade dos dados (quando aplic\u00e1vel)<\/p><\/li><\/ul><p data-start=\"2044\" data-end=\"2123\">Para exercer seus direitos, entre em contato conosco atrav\u00e9s dos canais abaixo.<\/p><hr data-start=\"2125\" data-end=\"2128\" \/><h2 data-start=\"2130\" data-end=\"2158\">7. Informa\u00e7\u00f5es da empresa<\/h2><p data-start=\"2160\" data-end=\"2417\"><strong data-start=\"2160\" data-end=\"2177\">Raz\u00e3o Social:<\/strong> Haquifaz Comunica\u00e7\u00e3o Visual<br data-start=\"2205\" data-end=\"2208\" \/><strong data-start=\"2208\" data-end=\"2217\">CNPJ:<\/strong> 03.870.246\/0001-02<br data-start=\"2236\" data-end=\"2239\" \/><strong data-start=\"2239\" data-end=\"2252\">Endere\u00e7o:<\/strong> Rua GV 5, Qd 13, Lt 12A \u2013 Residencial Goi\u00e2nia Viva, Goi\u00e2nia \u2013 GO<br data-start=\"2317\" data-end=\"2320\" \/><strong data-start=\"2320\" data-end=\"2331\">E-mail:<\/strong>\u00a0<br data-start=\"2356\" data-end=\"2359\" \/><strong data-start=\"2359\" data-end=\"2372\">WhatsApp:<\/strong> <a class=\"cursor-pointer\" target=\"_new\" rel=\"noopener\" data-start=\"2373\" data-end=\"2417\">62 98415-1600<\/a><\/p><hr data-start=\"2419\" data-end=\"2422\" \/><h2 data-start=\"2424\" data-end=\"2455\">8. Altera\u00e7\u00f5es nesta pol\u00edtica<\/h2><p data-start=\"2457\" data-end=\"2595\">A Haquifaz reserva-se o direito de alterar esta Pol\u00edtica de Privacidade a qualquer momento. Recomendamos que voc\u00ea a revise periodicamente.<\/p>\t\t\t\t\t\t\t\t<\/div>\n\t\t\t\t<\/div>\n\t\t\t\t\t<\/div>\n\t\t\t\t<\/div>\n\t\t\t\t<\/div>\n\t\t","protected":false},"excerpt":{"rendered":"<p>Pol\u00edtica de Privacidade Haquifaz Comunica\u00e7\u00e3o Visual \u00daltima atualiza\u00e7\u00e3o:08\/06\/25 A Haquifaz Comunica\u00e7\u00e3o Visual respeita a privacidade e a seguran\u00e7a dos dados pessoais de seus clientes, parceiros e visitantes do site. Esta Pol\u00edtica de Privacidade tem como objetivo esclarecer como coletamos, utilizamos, armazenamos e protegemos as informa\u00e7\u00f5es fornecidas por voc\u00ea ao acessar nosso site ou interagir com [&hellip;]<\/p>\n","protected":false},"author":2,"featured_media":0,"parent":0,"menu_order":0,"comment_status":"closed","ping_status":"closed","template":"elementor_canvas","meta":{"footnotes":""},"class_list":["post-292","page","type-page","status-publish","hentry"],"_links":{"self":[{"href":"https:\/\/haquifaz.com.br\/index.php\/wp-json\/wp\/v2\/pages\/292","targetHints":{"allow":["GET"]}}],"collection":[{"href":"https:\/\/haquifaz.com.br\/index.php\/wp-json\/wp\/v2\/pages"}],"about":[{"href":"https:\/\/haquifaz.com.br\/index.php\/wp-json\/wp\/v2\/types\/page"}],"author":[{"embeddable":true,"href":"https:\/\/haquifaz.com.br\/index.php\/wp-json\/wp\/v2\/users\/2"}],"replies":[{"embeddable":true,"href":"https:\/\/haquifaz.com.br\/index.php\/wp-json\/wp\/v2\/comments?post=292"}],"version-history":[{"count":8,"href":"https:\/\/haquifaz.com.br\/index.php\/wp-json\/wp\/v2\/pages\/292\/revisions"}],"predecessor-version":[{"id":303,"href":"https:\/\/haquifaz.com.br\/index.php\/wp-json\/wp\/v2\/pages\/292\/revisions\/303"}],"wp:attachment":[{"href":"https:\/\/haquifaz.com.br\/index.php\/wp-json\/wp\/v2\/media?parent=292"}],"curies":[{"name":"wp","href":"https:\/\/api.w.org\/{rel}","templated":true}]}}